{"id":213,"date":"2019-02-27T15:23:33","date_gmt":"2019-02-27T14:23:33","guid":{"rendered":"http:\/\/thejazzspirituals.com\/?page_id=213"},"modified":"2021-09-27T13:28:15","modified_gmt":"2021-09-27T11:28:15","slug":"devis","status":"publish","type":"page","link":"https:\/\/thejazzspirituals.com\/index.php\/devis\/","title":{"rendered":"Devis"},"content":{"rendered":"\n<p>N&rsquo;h\u00e9sitez pas \u00e0 me contacter afin de vous faire parvenir un devis personnalis\u00e9 dans les plus bref d\u00e9lais. <\/p>\n\n\n\n<p>Soit par t\u00e9l\u00e9phone en direct  <br>Mr Cambou au<strong> 06 63 11 71 76<\/strong><\/p>\n\n\n\n<p>Soit par e-mail \u00e0<strong> contact@thejazzspirituals.com<\/strong><\/p>\n\n\n\n<p>Le devis d&rsquo;une prestation varie en fonction de la dur\u00e9e du concert et du nombre de musiciens que vous souhaitez pour votre \u00e9v\u00e9nement.<\/p>\n\n\n\n<p><\/p>\n\n\n\n<p><\/p>\n","protected":false},"excerpt":{"rendered":"<p>N&rsquo;h\u00e9sitez pas \u00e0 me contacter afin de vous faire parvenir un devis personnalis\u00e9 dans les plus bref d\u00e9lais. Soit par t\u00e9l\u00e9phone en direct Mr Cambou au 06 63 11 71 76 Soit par e-mail \u00e0 contact@thejazzspirituals.com Le devis d&rsquo;une prestation varie en fonction de la dur\u00e9e du concert et du nombre de musiciens que vous &hellip; <\/p>\n<p class=\"link-more\"><a href=\"https:\/\/thejazzspirituals.com\/index.php\/devis\/\" class=\"more-link\">Continuer la lecture<span class=\"screen-reader-text\"> de &laquo;&nbsp;Devis&nbsp;&raquo;<\/span><\/a><\/p>\n","protected":false},"author":1,"featured_media":0,"parent":0,"menu_order":0,"comment_status":"closed","ping_status":"closed","template":"","meta":{"footnotes":""},"_links":{"self":[{"href":"https:\/\/thejazzspirituals.com\/index.php\/wp-json\/wp\/v2\/pages\/213"}],"collection":[{"href":"https:\/\/thejazzspirituals.com\/index.php\/wp-json\/wp\/v2\/pages"}],"about":[{"href":"https:\/\/thejazzspirituals.com\/index.php\/wp-json\/wp\/v2\/types\/page"}],"author":[{"embeddable":true,"href":"https:\/\/thejazzspirituals.com\/index.php\/wp-json\/wp\/v2\/users\/1"}],"replies":[{"embeddable":true,"href":"https:\/\/thejazzspirituals.com\/index.php\/wp-json\/wp\/v2\/comments?post=213"}],"version-history":[{"count":11,"href":"https:\/\/thejazzspirituals.com\/index.php\/wp-json\/wp\/v2\/pages\/213\/revisions"}],"predecessor-version":[{"id":516,"href":"https:\/\/thejazzspirituals.com\/index.php\/wp-json\/wp\/v2\/pages\/213\/revisions\/516"}],"wp:attachment":[{"href":"https:\/\/thejazzspirituals.com\/index.php\/wp-json\/wp\/v2\/media?parent=213"}],"curies":[{"name":"wp","href":"https:\/\/api.w.org\/{rel}","templated":true}]}}